{"id":128,"date":"2019-03-07T21:03:24","date_gmt":"2019-03-07T21:03:24","guid":{"rendered":"https:\/\/dividiva.com\/frais\/?page_id=348"},"modified":"2025-10-10T06:14:36","modified_gmt":"2025-10-10T06:14:36","slug":"blog-de-houston","status":"publish","type":"page","link":"https:\/\/www.antoinedentalcenter.com\/es\/dentista-en-houston\/acerca-de-houston\/blog-de-houston\/","title":{"rendered":"Blog"},"content":{"rendered":"<p>[et_pb_section fb_built=&#8221;1&#8243; admin_label=&#8221;Section &#8211; Header (Background image 1920 x 600px)&#8221; module_class=&#8221;dd-header-edge-bot&#8221; _builder_version=&#8221;4.16&#8243; background_image=&#8221;\/\/i0.wp.com\/antoinedentalcenter.com\/wp-content\/uploads\/2019\/07\/1920&#215;600.png&#8221; global_colors_info=&#8221;{}&#8221;][et_pb_row _builder_version=&#8221;4.16&#8243; custom_padding=&#8221;100px||4px|||&#8221; global_colors_info=&#8221;{}&#8221;][et_pb_column type=&#8221;4_4&#8243; _builder_version=&#8221;4.16&#8243; custom_padding=&#8221;|||&#8221; global_colors_info=&#8221;{}&#8221; custom_padding__hover=&#8221;|||&#8221;][et_pb_text admin_label=&#8221;Text &#8211; Page Title&#8221; module_class=&#8221;dd-title-container&#8221; _builder_version=&#8221;4.27.4&#8243; text_font=&#8221;||||||||&#8221; header_font=&#8221;|700|||||||&#8221; header_text_color=&#8221;#000000&#8243; background_layout=&#8221;dark&#8221; hover_enabled=&#8221;0&#8243; global_colors_info=&#8221;{}&#8221; sticky_enabled=&#8221;0&#8243;]<\/p>\n<h1 style=\"text-align: center;\"><span style=\"font-weight: 400;\">Dental Care Articles in Houston, TX<\/span><\/h1>\n<p>[\/et_pb_text][\/et_pb_column][\/et_pb_row][\/et_pb_section][et_pb_section fb_built=&#8221;1&#8243; _builder_version=&#8221;4.16&#8243; global_colors_info=&#8221;{}&#8221;][et_pb_row _builder_version=&#8221;4.16&#8243; custom_padding=&#8221;0px||&#8221; global_colors_info=&#8221;{}&#8221;][et_pb_column type=&#8221;4_4&#8243; _builder_version=&#8221;4.16&#8243; custom_padding=&#8221;|||&#8221; global_colors_info=&#8221;{}&#8221; custom_padding__hover=&#8221;|||&#8221;][et_pb_blog fullwidth=&#8221;off&#8221; posts_number=&#8221;1000&#8243; show_author=&#8221;off&#8221; show_date=&#8221;off&#8221; show_categories=&#8221;off&#8221; show_pagination=&#8221;off&#8221; use_overlay=&#8221;on&#8221; module_class=&#8221;dd-blog&#8221; _builder_version=&#8221;4.16&#8243; header_font=&#8221;||||||||&#8221; header_text_align=&#8221;center&#8221; meta_font=&#8221;|||on|||||&#8221; meta_font_size=&#8221;13px&#8221; global_colors_info=&#8221;{}&#8221;][\/et_pb_blog][\/et_pb_column][\/et_pb_row][\/et_pb_section]<\/p>\n","protected":false},"excerpt":{"rendered":"<p>Art\u00edculos sobre cuidado dental en Houston, TX<\/p>","protected":false},"author":4,"featured_media":0,"parent":124,"menu_order":0,"comment_status":"closed","ping_status":"closed","template":"","meta":{"_et_pb_use_builder":"on","_et_pb_old_content":"","_et_gb_content_width":"","footnotes":""},"class_list":["post-128","page","type-page","status-publish","hentry"],"yoast_head":"<!-- This site is optimized with the Yoast SEO plugin v27.4 - https:\/\/yoast.com\/product\/yoast-seo-wordpress\/ -->\n<title>Dental Blog in Houston, TX | Insights and Tips<\/title>\n<meta name=\"description\" content=\"Find out all you want to know about dentistry with our dental blog from Antoine Dental Center. Visit our website to learn more &amp; access our blog.\" \/>\n<meta name=\"robots\" content=\"index, follow, max-snippet:-1, max-image-preview:large, max-video-preview:-1\" \/>\n<link rel=\"canonical\" href=\"https:\/\/www.antoinedentalcenter-891924.hostingersite.com\/dentist-in-houston\/about-houston\/blog-houston\/\" \/>\n<meta property=\"og:locale\" content=\"es_MX\" \/>\n<meta property=\"og:type\" content=\"article\" \/>\n<meta property=\"og:title\" content=\"Dental Blog in Houston, TX | Insights and Tips\" \/>\n<meta property=\"og:description\" content=\"Find out all you want to know about dentistry with our dental blog from Antoine Dental Center. Visit our website to learn more &amp; access our blog.\" \/>\n<meta property=\"og:url\" content=\"https:\/\/www.antoinedentalcenter-891924.hostingersite.com\/dentist-in-houston\/about-houston\/blog-houston\/\" \/>\n<meta property=\"og:site_name\" content=\"Antoine Dental Center\" \/>\n<meta property=\"article:modified_time\" content=\"2025-10-10T06:14:36+00:00\" \/>\n<meta name=\"twitter:card\" content=\"summary_large_image\" \/>\n<meta name=\"twitter:label1\" content=\"Tiempo de lectura\" \/>\n\t<meta name=\"twitter:data1\" content=\"25 minutos\" \/>\n<script type=\"application\/ld+json\" class=\"yoast-schema-graph\">{\"@context\":\"https:\\\/\\\/schema.org\",\"@graph\":[{\"@type\":\"WebPage\",\"@id\":\"https:\\\/\\\/www.antoinedentalcenter-891924.hostingersite.com\\\/dentist-in-houston\\\/about-houston\\\/blog-houston\\\/\",\"url\":\"https:\\\/\\\/www.antoinedentalcenter-891924.hostingersite.com\\\/dentist-in-houston\\\/about-houston\\\/blog-houston\\\/\",\"name\":\"Dental Blog in Houston, TX | Insights and Tips\",\"isPartOf\":{\"@id\":\"https:\\\/\\\/www.antoinedentalcenter-891924.hostingersite.com\\\/#website\"},\"datePublished\":\"2019-03-07T21:03:24+00:00\",\"dateModified\":\"2025-10-10T06:14:36+00:00\",\"description\":\"Find out all you want to know about dentistry with our dental blog from Antoine Dental Center. Visit our website to learn more & access our blog.\",\"breadcrumb\":{\"@id\":\"https:\\\/\\\/www.antoinedentalcenter-891924.hostingersite.com\\\/dentist-in-houston\\\/about-houston\\\/blog-houston\\\/#breadcrumb\"},\"inLanguage\":\"es\",\"potentialAction\":[{\"@type\":\"ReadAction\",\"target\":[\"https:\\\/\\\/www.antoinedentalcenter-891924.hostingersite.com\\\/dentist-in-houston\\\/about-houston\\\/blog-houston\\\/\"]}]},{\"@type\":\"BreadcrumbList\",\"@id\":\"https:\\\/\\\/www.antoinedentalcenter-891924.hostingersite.com\\\/dentist-in-houston\\\/about-houston\\\/blog-houston\\\/#breadcrumb\",\"itemListElement\":[{\"@type\":\"ListItem\",\"position\":1,\"name\":\"Home\",\"item\":\"https:\\\/\\\/www.antoinedentalcenter-891924.hostingersite.com\\\/\"},{\"@type\":\"ListItem\",\"position\":2,\"name\":\"Dentist In Houston\",\"item\":\"https:\\\/\\\/www.antoinedentalcenter-891924.hostingersite.com\\\/\"},{\"@type\":\"ListItem\",\"position\":3,\"name\":\"About\",\"item\":\"https:\\\/\\\/www.antoinedentalcenter-891924.hostingersite.com\\\/dentist-in-houston\\\/about-houston\\\/\"},{\"@type\":\"ListItem\",\"position\":4,\"name\":\"Blog\"}]},{\"@type\":\"WebSite\",\"@id\":\"https:\\\/\\\/www.antoinedentalcenter-891924.hostingersite.com\\\/#website\",\"url\":\"https:\\\/\\\/www.antoinedentalcenter-891924.hostingersite.com\\\/\",\"name\":\"Antoine Dental Center\",\"description\":\"Houston Dentist\",\"potentialAction\":[{\"@type\":\"SearchAction\",\"target\":{\"@type\":\"EntryPoint\",\"urlTemplate\":\"https:\\\/\\\/www.antoinedentalcenter-891924.hostingersite.com\\\/?s={search_term_string}\"},\"query-input\":{\"@type\":\"PropertyValueSpecification\",\"valueRequired\":true,\"valueName\":\"search_term_string\"}}],\"inLanguage\":\"es\"}]}<\/script>\n<!-- \/ Yoast SEO plugin. -->","yoast_head_json":{"title":"Blog dental en Houston, TX | Informaci\u00f3n y consejos","description":"Descubra todo lo que necesita saber sobre odontolog\u00eda con nuestro blog de Antoine Dental Center. Visite nuestro sitio web para obtener m\u00e1s informaci\u00f3n y acceder a nuestro blog.","robots":{"index":"index","follow":"follow","max-snippet":"max-snippet:-1","max-image-preview":"max-image-preview:large","max-video-preview":"max-video-preview:-1"},"canonical":"https:\/\/www.antoinedentalcenter-891924.hostingersite.com\/dentist-in-houston\/about-houston\/blog-houston\/","og_locale":"es_MX","og_type":"article","og_title":"Dental Blog in Houston, TX | Insights and Tips","og_description":"Find out all you want to know about dentistry with our dental blog from Antoine Dental Center. Visit our website to learn more & access our blog.","og_url":"https:\/\/www.antoinedentalcenter-891924.hostingersite.com\/dentist-in-houston\/about-houston\/blog-houston\/","og_site_name":"Antoine Dental Center","article_modified_time":"2025-10-10T06:14:36+00:00","twitter_card":"summary_large_image","twitter_misc":{"Tiempo de lectura":"25 minutos"},"schema":{"@context":"https:\/\/schema.org","@graph":[{"@type":"WebPage","@id":"https:\/\/www.antoinedentalcenter-891924.hostingersite.com\/dentist-in-houston\/about-houston\/blog-houston\/","url":"https:\/\/www.antoinedentalcenter-891924.hostingersite.com\/dentist-in-houston\/about-houston\/blog-houston\/","name":"Blog dental en Houston, TX | Informaci\u00f3n y consejos","isPartOf":{"@id":"https:\/\/www.antoinedentalcenter-891924.hostingersite.com\/#website"},"datePublished":"2019-03-07T21:03:24+00:00","dateModified":"2025-10-10T06:14:36+00:00","description":"Descubra todo lo que necesita saber sobre odontolog\u00eda con nuestro blog de Antoine Dental Center. Visite nuestro sitio web para obtener m\u00e1s informaci\u00f3n y acceder a nuestro blog.","breadcrumb":{"@id":"https:\/\/www.antoinedentalcenter-891924.hostingersite.com\/dentist-in-houston\/about-houston\/blog-houston\/#breadcrumb"},"inLanguage":"es","potentialAction":[{"@type":"ReadAction","target":["https:\/\/www.antoinedentalcenter-891924.hostingersite.com\/dentist-in-houston\/about-houston\/blog-houston\/"]}]},{"@type":"BreadcrumbList","@id":"https:\/\/www.antoinedentalcenter-891924.hostingersite.com\/dentist-in-houston\/about-houston\/blog-houston\/#breadcrumb","itemListElement":[{"@type":"ListItem","position":1,"name":"Home","item":"https:\/\/www.antoinedentalcenter-891924.hostingersite.com\/"},{"@type":"ListItem","position":2,"name":"Dentist In Houston","item":"https:\/\/www.antoinedentalcenter-891924.hostingersite.com\/"},{"@type":"ListItem","position":3,"name":"About","item":"https:\/\/www.antoinedentalcenter-891924.hostingersite.com\/dentist-in-houston\/about-houston\/"},{"@type":"ListItem","position":4,"name":"Blog"}]},{"@type":"WebSite","@id":"https:\/\/www.antoinedentalcenter-891924.hostingersite.com\/#website","url":"https:\/\/www.antoinedentalcenter-891924.hostingersite.com\/","name":"Centro Dental Antoine","description":"Dentista de Houston","potentialAction":[{"@type":"SearchAction","target":{"@type":"EntryPoint","urlTemplate":"https:\/\/www.antoinedentalcenter-891924.hostingersite.com\/?s={search_term_string}"},"query-input":{"@type":"PropertyValueSpecification","valueRequired":true,"valueName":"search_term_string"}}],"inLanguage":"es"}]}},"_links":{"self":[{"href":"https:\/\/www.antoinedentalcenter.com\/es\/wp-json\/wp\/v2\/pages\/128","targetHints":{"allow":["GET"]}}],"collection":[{"href":"https:\/\/www.antoinedentalcenter.com\/es\/wp-json\/wp\/v2\/pages"}],"about":[{"href":"https:\/\/www.antoinedentalcenter.com\/es\/wp-json\/wp\/v2\/types\/page"}],"author":[{"embeddable":true,"href":"https:\/\/www.antoinedentalcenter.com\/es\/wp-json\/wp\/v2\/users\/4"}],"replies":[{"embeddable":true,"href":"https:\/\/www.antoinedentalcenter.com\/es\/wp-json\/wp\/v2\/comments?post=128"}],"version-history":[{"count":0,"href":"https:\/\/www.antoinedentalcenter.com\/es\/wp-json\/wp\/v2\/pages\/128\/revisions"}],"up":[{"embeddable":true,"href":"https:\/\/www.antoinedentalcenter.com\/es\/wp-json\/wp\/v2\/pages\/124"}],"wp:attachment":[{"href":"https:\/\/www.antoinedentalcenter.com\/es\/wp-json\/wp\/v2\/media?parent=128"}],"curies":[{"name":"wp","href":"https:\/\/api.w.org\/{rel}","templated":true}]}}