{"id":60617,"date":"2022-01-11T17:08:33","date_gmt":"2022-01-11T17:08:33","guid":{"rendered":"https:\/\/www.antoinedentalcenter.com\/?page_id=60617"},"modified":"2024-08-29T18:53:44","modified_gmt":"2024-08-29T18:53:44","slug":"guia-completa-de-instrucciones-postoperatorias","status":"publish","type":"page","link":"https:\/\/www.antoinedentalcenter.com\/es\/guia-completa-de-instrucciones-postoperatorias\/","title":{"rendered":"Instrucciones postoperatorias: gu\u00eda completa"},"content":{"rendered":"<p>[et_pb_section fb_built=&#8221;1&#8243; admin_label=&#8221;Section &#8211; Header (Background image 1920 x 600px)&#8221; module_class=&#8221;dd-header-edge-bot&#8221; _builder_version=&#8221;4.16&#8243; background_image=&#8221;https:\/\/www.antoinedentalcenter.com\/wp-content\/uploads\/2019\/07\/1920&#215;600.png&#8221; global_colors_info=&#8221;{}&#8221;][et_pb_row _builder_version=&#8221;4.16&#8243; custom_padding=&#8221;100px||100px&#8221; global_colors_info=&#8221;{}&#8221;][et_pb_column type=&#8221;4_4&#8243; _builder_version=&#8221;4.16&#8243; custom_padding=&#8221;|||&#8221; global_colors_info=&#8221;{}&#8221; custom_padding__hover=&#8221;|||&#8221;][et_pb_text admin_label=&#8221;Text &#8211; Page Title&#8221; module_class=&#8221;dd-title-container&#8221; _builder_version=&#8221;4.16&#8243; text_font=&#8221;||||||||&#8221; header_font=&#8221;|700|||||||&#8221; header_text_align=&#8221;center&#8221; header_text_color=&#8221;#000000&#8243; background_layout=&#8221;dark&#8221; global_colors_info=&#8221;{}&#8221;]<\/p>\n<h1>Post-Operative Instructions<\/h1>\n<p>[\/et_pb_text][\/et_pb_column][\/et_pb_row][\/et_pb_section][et_pb_section fb_built=&#8221;1&#8243; _builder_version=&#8221;4.16&#8243; global_colors_info=&#8221;{}&#8221;][et_pb_row _builder_version=&#8221;4.16&#8243; custom_padding=&#8221;0px||&#8221; global_colors_info=&#8221;{}&#8221;][et_pb_column type=&#8221;4_4&#8243; _builder_version=&#8221;4.16&#8243; custom_padding=&#8221;|||&#8221; global_colors_info=&#8221;{}&#8221; custom_padding__hover=&#8221;|||&#8221;][et_pb_blog fullwidth=&#8221;off&#8221; include_categories=&#8221;1645&#8243; show_author=&#8221;off&#8221; show_date=&#8221;off&#8221; show_categories=&#8221;off&#8221; show_pagination=&#8221;off&#8221; use_overlay=&#8221;on&#8221; module_class=&#8221;dd-blog&#8221; _builder_version=&#8221;4.16&#8243; header_font=&#8221;||||||||&#8221; header_text_align=&#8221;center&#8221; meta_font=&#8221;|||on|||||&#8221; meta_font_size=&#8221;13px&#8221; global_colors_info=&#8221;{}&#8221;][\/et_pb_blog][\/et_pb_column][\/et_pb_row][\/et_pb_section]<\/p>\n","protected":false},"excerpt":{"rendered":"<p>Instrucciones postoperatorias<\/p>","protected":false},"author":4,"featured_media":0,"parent":0,"menu_order":0,"comment_status":"closed","ping_status":"closed","template":"","meta":{"_et_pb_use_builder":"on","_et_pb_old_content":"","_et_gb_content_width":"","footnotes":""},"class_list":["post-60617","page","type-page","status-publish","hentry"],"yoast_head":"<!-- This site is optimized with the Yoast SEO plugin v27.4 - https:\/\/yoast.com\/product\/yoast-seo-wordpress\/ -->\n<title>Complete Guide to Postoperative Instructions | Antoine Dental<\/title>\n<meta name=\"description\" content=\"Properly heal from your dental procedure with postoperative instructions. Our Houston dentists will provide with a detailed aftercare guide.\" \/>\n<meta name=\"robots\" content=\"index, follow, max-snippet:-1, max-image-preview:large, max-video-preview:-1\" \/>\n<link rel=\"canonical\" href=\"https:\/\/www.antoinedentalcenter-891924.hostingersite.com\/postoperative-instructions-complete-guide\/\" \/>\n<meta property=\"og:locale\" content=\"es_MX\" \/>\n<meta property=\"og:type\" content=\"article\" \/>\n<meta property=\"og:title\" content=\"Complete Guide to Postoperative Instructions | Antoine Dental\" \/>\n<meta property=\"og:description\" content=\"Properly heal from your dental procedure with postoperative instructions. Our Houston dentists will provide with a detailed aftercare guide.\" \/>\n<meta property=\"og:url\" content=\"https:\/\/www.antoinedentalcenter-891924.hostingersite.com\/postoperative-instructions-complete-guide\/\" \/>\n<meta property=\"og:site_name\" content=\"Antoine Dental Center\" \/>\n<meta property=\"article:modified_time\" content=\"2024-08-29T18:53:44+00:00\" \/>\n<meta name=\"twitter:card\" content=\"summary_large_image\" \/>\n<meta name=\"twitter:label1\" content=\"Tiempo de lectura\" \/>\n\t<meta name=\"twitter:data1\" content=\"3 minutos\" \/>\n<script type=\"application\/ld+json\" class=\"yoast-schema-graph\">{\"@context\":\"https:\\\/\\\/schema.org\",\"@graph\":[{\"@type\":\"WebPage\",\"@id\":\"https:\\\/\\\/www.antoinedentalcenter-891924.hostingersite.com\\\/postoperative-instructions-complete-guide\\\/\",\"url\":\"https:\\\/\\\/www.antoinedentalcenter-891924.hostingersite.com\\\/postoperative-instructions-complete-guide\\\/\",\"name\":\"Complete Guide to Postoperative Instructions | Antoine Dental\",\"isPartOf\":{\"@id\":\"https:\\\/\\\/www.antoinedentalcenter-891924.hostingersite.com\\\/#website\"},\"datePublished\":\"2022-01-11T17:08:33+00:00\",\"dateModified\":\"2024-08-29T18:53:44+00:00\",\"description\":\"Properly heal from your dental procedure with postoperative instructions. Our Houston dentists will provide with a detailed aftercare guide.\",\"breadcrumb\":{\"@id\":\"https:\\\/\\\/www.antoinedentalcenter-891924.hostingersite.com\\\/postoperative-instructions-complete-guide\\\/#breadcrumb\"},\"inLanguage\":\"es\",\"potentialAction\":[{\"@type\":\"ReadAction\",\"target\":[\"https:\\\/\\\/www.antoinedentalcenter-891924.hostingersite.com\\\/postoperative-instructions-complete-guide\\\/\"]}]},{\"@type\":\"BreadcrumbList\",\"@id\":\"https:\\\/\\\/www.antoinedentalcenter-891924.hostingersite.com\\\/postoperative-instructions-complete-guide\\\/#breadcrumb\",\"itemListElement\":[{\"@type\":\"ListItem\",\"position\":1,\"name\":\"Home\",\"item\":\"https:\\\/\\\/www.antoinedentalcenter-891924.hostingersite.com\\\/\"},{\"@type\":\"ListItem\",\"position\":2,\"name\":\"Postoperative Instructions: Complete Guide\"}]},{\"@type\":\"WebSite\",\"@id\":\"https:\\\/\\\/www.antoinedentalcenter-891924.hostingersite.com\\\/#website\",\"url\":\"https:\\\/\\\/www.antoinedentalcenter-891924.hostingersite.com\\\/\",\"name\":\"Antoine Dental Center\",\"description\":\"Houston Dentist\",\"potentialAction\":[{\"@type\":\"SearchAction\",\"target\":{\"@type\":\"EntryPoint\",\"urlTemplate\":\"https:\\\/\\\/www.antoinedentalcenter-891924.hostingersite.com\\\/?s={search_term_string}\"},\"query-input\":{\"@type\":\"PropertyValueSpecification\",\"valueRequired\":true,\"valueName\":\"search_term_string\"}}],\"inLanguage\":\"es\"}]}<\/script>\n<!-- \/ Yoast SEO plugin. -->","yoast_head_json":{"title":"Gu\u00eda completa de instrucciones posoperatorias | Antoine Dental","description":"Recupere su salud despu\u00e9s de su procedimiento dental con instrucciones postoperatorias. Nuestros dentistas en Houston le proporcionar\u00e1n una gu\u00eda detallada de cuidados posteriores.","robots":{"index":"index","follow":"follow","max-snippet":"max-snippet:-1","max-image-preview":"max-image-preview:large","max-video-preview":"max-video-preview:-1"},"canonical":"https:\/\/www.antoinedentalcenter-891924.hostingersite.com\/postoperative-instructions-complete-guide\/","og_locale":"es_MX","og_type":"article","og_title":"Complete Guide to Postoperative Instructions | Antoine Dental","og_description":"Properly heal from your dental procedure with postoperative instructions. Our Houston dentists will provide with a detailed aftercare guide.","og_url":"https:\/\/www.antoinedentalcenter-891924.hostingersite.com\/postoperative-instructions-complete-guide\/","og_site_name":"Antoine Dental Center","article_modified_time":"2024-08-29T18:53:44+00:00","twitter_card":"summary_large_image","twitter_misc":{"Tiempo de lectura":"3 minutos"},"schema":{"@context":"https:\/\/schema.org","@graph":[{"@type":"WebPage","@id":"https:\/\/www.antoinedentalcenter-891924.hostingersite.com\/postoperative-instructions-complete-guide\/","url":"https:\/\/www.antoinedentalcenter-891924.hostingersite.com\/postoperative-instructions-complete-guide\/","name":"Gu\u00eda completa de instrucciones posoperatorias | Antoine Dental","isPartOf":{"@id":"https:\/\/www.antoinedentalcenter-891924.hostingersite.com\/#website"},"datePublished":"2022-01-11T17:08:33+00:00","dateModified":"2024-08-29T18:53:44+00:00","description":"Recupere su salud despu\u00e9s de su procedimiento dental con instrucciones postoperatorias. Nuestros dentistas en Houston le proporcionar\u00e1n una gu\u00eda detallada de cuidados posteriores.","breadcrumb":{"@id":"https:\/\/www.antoinedentalcenter-891924.hostingersite.com\/postoperative-instructions-complete-guide\/#breadcrumb"},"inLanguage":"es","potentialAction":[{"@type":"ReadAction","target":["https:\/\/www.antoinedentalcenter-891924.hostingersite.com\/postoperative-instructions-complete-guide\/"]}]},{"@type":"BreadcrumbList","@id":"https:\/\/www.antoinedentalcenter-891924.hostingersite.com\/postoperative-instructions-complete-guide\/#breadcrumb","itemListElement":[{"@type":"ListItem","position":1,"name":"Home","item":"https:\/\/www.antoinedentalcenter-891924.hostingersite.com\/"},{"@type":"ListItem","position":2,"name":"Postoperative Instructions: Complete Guide"}]},{"@type":"WebSite","@id":"https:\/\/www.antoinedentalcenter-891924.hostingersite.com\/#website","url":"https:\/\/www.antoinedentalcenter-891924.hostingersite.com\/","name":"Centro Dental Antoine","description":"Dentista de Houston","potentialAction":[{"@type":"SearchAction","target":{"@type":"EntryPoint","urlTemplate":"https:\/\/www.antoinedentalcenter-891924.hostingersite.com\/?s={search_term_string}"},"query-input":{"@type":"PropertyValueSpecification","valueRequired":true,"valueName":"search_term_string"}}],"inLanguage":"es"}]}},"_links":{"self":[{"href":"https:\/\/www.antoinedentalcenter.com\/es\/wp-json\/wp\/v2\/pages\/60617","targetHints":{"allow":["GET"]}}],"collection":[{"href":"https:\/\/www.antoinedentalcenter.com\/es\/wp-json\/wp\/v2\/pages"}],"about":[{"href":"https:\/\/www.antoinedentalcenter.com\/es\/wp-json\/wp\/v2\/types\/page"}],"author":[{"embeddable":true,"href":"https:\/\/www.antoinedentalcenter.com\/es\/wp-json\/wp\/v2\/users\/4"}],"replies":[{"embeddable":true,"href":"https:\/\/www.antoinedentalcenter.com\/es\/wp-json\/wp\/v2\/comments?post=60617"}],"version-history":[{"count":0,"href":"https:\/\/www.antoinedentalcenter.com\/es\/wp-json\/wp\/v2\/pages\/60617\/revisions"}],"wp:attachment":[{"href":"https:\/\/www.antoinedentalcenter.com\/es\/wp-json\/wp\/v2\/media?parent=60617"}],"curies":[{"name":"wp","href":"https:\/\/api.w.org\/{rel}","templated":true}]}}